{"id":26734,"date":"2025-09-18T15:13:13","date_gmt":"2025-09-18T13:13:13","guid":{"rendered":"https:\/\/porradalupo.rs\/?post_type=product&#038;p=26734"},"modified":"2026-05-08T00:57:02","modified_gmt":"2026-05-07T22:57:02","slug":"porrada-lupo-alex-possitano-camo-zeleno-crno-braon","status":"publish","type":"product","link":"https:\/\/porradalupo.rs\/en\/product\/porrada-lupo-alex-possitano-camo-zeleno-crno-braon\/","title":{"rendered":"Porrada Lupo ALEX Possitano Camo Zeleno Crno Braon"},"content":{"rendered":"<p><img loading=\"lazy\" decoding=\"async\" class=\"aligncenter wp-image-19683 size-full\" src=\"https:\/\/porradalupo.rs\/wp-content\/uploads\/2024\/05\/TABELAVELICINAFINALNOSIZE46FINAl.jpg\" alt=\"\" width=\"900\" height=\"1800\" srcset=\"https:\/\/porradalupo.rs\/wp-content\/uploads\/2024\/05\/TABELAVELICINAFINALNOSIZE46FINAl.jpg 900w, https:\/\/porradalupo.rs\/wp-content\/uploads\/2024\/05\/TABELAVELICINAFINALNOSIZE46FINAl-150x300.jpg 150w, https:\/\/porradalupo.rs\/wp-content\/uploads\/2024\/05\/TABELAVELICINAFINALNOSIZE46FINAl-512x1024.jpg 512w, https:\/\/porradalupo.rs\/wp-content\/uploads\/2024\/05\/TABELAVELICINAFINALNOSIZE46FINAl-6x12.jpg 6w\" sizes=\"auto, (max-width: 900px) 100vw, 900px\" \/><\/p>\n<hr \/>\n<p><b>Napomena: Porrada Lupo<\/b>\u00a0veli\u010dine navodi orijentaciono, kako biste lak\u0161e i sa sigurno\u0161\u0107u odabrali \u017eeljenu veli\u010dinu. Veli\u010dine su prepisane sa proizvodja\u010dke specifikacije, i postoji mogu\u0107nost odstupanja kod odredjenih modela.<\/p>","protected":false},"excerpt":{"rendered":"<p>Napomena: Porrada Lupo\u00a0veli\u010dine navodi orijentaciono, kako biste lak\u0161e i sa sigurno\u0161\u0107u odabrali \u017eeljenu veli\u010dinu. Veli\u010dine su prepisane sa proizvodja\u010dke specifikacije, i postoji mogu\u0107nost odstupanja kod odredjenih modela.<\/p>","protected":false},"featured_media":26571,"comment_status":"open","ping_status":"closed","template":"","meta":{"_hpay_column_layout":"","_hpay_name_price":"","_sitemap_exclude":false,"_sitemap_priority":"","_sitemap_frequency":"","_monsterinsights_skip_tracking":false,"_monsterinsights_sitenote_active":false,"_monsterinsights_sitenote_note":"","_monsterinsights_sitenote_category":0},"product_brand":[],"product_cat":[52,57],"product_tag":[],"class_list":{"0":"post-26734","1":"product","2":"type-product","3":"status-publish","4":"has-post-thumbnail","6":"product_cat-muska-obuca","7":"product_cat-plitke-patike","9":"first","10":"instock","11":"taxable","12":"shipping-taxable","13":"purchasable","14":"product-type-variable"},"_links":{"self":[{"href":"https:\/\/porradalupo.rs\/en\/wp-json\/wp\/v2\/product\/26734","targetHints":{"allow":["GET"]}}],"collection":[{"href":"https:\/\/porradalupo.rs\/en\/wp-json\/wp\/v2\/product"}],"about":[{"href":"https:\/\/porradalupo.rs\/en\/wp-json\/wp\/v2\/types\/product"}],"replies":[{"embeddable":true,"href":"https:\/\/porradalupo.rs\/en\/wp-json\/wp\/v2\/comments?post=26734"}],"wp:featuredmedia":[{"embeddable":true,"href":"https:\/\/porradalupo.rs\/en\/wp-json\/wp\/v2\/media\/26571"}],"wp:attachment":[{"href":"https:\/\/porradalupo.rs\/en\/wp-json\/wp\/v2\/media?parent=26734"}],"wp:term":[{"taxonomy":"product_brand","embeddable":true,"href":"https:\/\/porradalupo.rs\/en\/wp-json\/wp\/v2\/product_brand?post=26734"},{"taxonomy":"product_cat","embeddable":true,"href":"https:\/\/porradalupo.rs\/en\/wp-json\/wp\/v2\/product_cat?post=26734"},{"taxonomy":"product_tag","embeddable":true,"href":"https:\/\/porradalupo.rs\/en\/wp-json\/wp\/v2\/product_tag?post=26734"}],"curies":[{"name":"wp","href":"https:\/\/api.w.org\/{rel}","templated":true}]}}