{"id":21736,"date":"2024-10-11T05:56:24","date_gmt":"2024-10-11T03:56:24","guid":{"rendered":"https:\/\/porradalupo.rs\/?post_type=product&#038;p=21736"},"modified":"2025-10-13T14:33:31","modified_gmt":"2025-10-13T12:33:31","slug":"porrada-lupo-j02-paco-cocco-crno-zelene","status":"publish","type":"product","link":"https:\/\/porradalupo.rs\/en\/product\/porrada-lupo-j02-paco-cocco-crno-zelene\/","title":{"rendered":"Porrada Lupo J02 PACO COCCO Crno Zelene"},"content":{"rendered":"<p><img loading=\"lazy\" decoding=\"async\" class=\"size-full wp-image-555555555615167 aligncenter\" src=\"https:\/\/sfonlineshop.rs\/wp-content\/uploads\/2022\/10\/TABELA-KOZA-TEKSTIL-DRUGIM.jpg\" alt=\"\" width=\"900\" height=\"1800\" \/><\/p>\n<hr \/>\n<p><b>Napomena: Porrada Lupo<\/b>\u00a0veli\u010dine navodi orijentaciono, kako biste lak\u0161e i sa sigurno\u0161\u0107u odabrali \u017eeljenu veli\u010dinu. Veli\u010dine su prepisane sa proizvodja\u010dke specifikacije, i postoji mogu\u0107nost odstupanja kod odredjenih modela.<\/p>","protected":false},"excerpt":{"rendered":"<p>J02 CAMOSCIO VERDE COCCO NERO GOMMA P.L<\/p>\n<p>\u0160ifra artikla: 527<\/p>","protected":false},"featured_media":21755,"comment_status":"open","ping_status":"closed","template":"","meta":{"_hpay_column_layout":"0","_hpay_name_price":"0","_sitemap_exclude":false,"_sitemap_priority":"","_sitemap_frequency":"","_monsterinsights_skip_tracking":false,"_monsterinsights_sitenote_active":false,"_monsterinsights_sitenote_note":"","_monsterinsights_sitenote_category":0},"product_brand":[],"product_cat":[52,57],"product_tag":[],"class_list":{"0":"post-21736","1":"product","2":"type-product","3":"status-publish","4":"has-post-thumbnail","6":"product_cat-muska-obuca","7":"product_cat-plitke-patike","9":"first","10":"outofstock","11":"taxable","12":"shipping-taxable","13":"product-type-variable"},"_links":{"self":[{"href":"https:\/\/porradalupo.rs\/en\/wp-json\/wp\/v2\/product\/21736","targetHints":{"allow":["GET"]}}],"collection":[{"href":"https:\/\/porradalupo.rs\/en\/wp-json\/wp\/v2\/product"}],"about":[{"href":"https:\/\/porradalupo.rs\/en\/wp-json\/wp\/v2\/types\/product"}],"replies":[{"embeddable":true,"href":"https:\/\/porradalupo.rs\/en\/wp-json\/wp\/v2\/comments?post=21736"}],"wp:featuredmedia":[{"embeddable":true,"href":"https:\/\/porradalupo.rs\/en\/wp-json\/wp\/v2\/media\/21755"}],"wp:attachment":[{"href":"https:\/\/porradalupo.rs\/en\/wp-json\/wp\/v2\/media?parent=21736"}],"wp:term":[{"taxonomy":"product_brand","embeddable":true,"href":"https:\/\/porradalupo.rs\/en\/wp-json\/wp\/v2\/product_brand?post=21736"},{"taxonomy":"product_cat","embeddable":true,"href":"https:\/\/porradalupo.rs\/en\/wp-json\/wp\/v2\/product_cat?post=21736"},{"taxonomy":"product_tag","embeddable":true,"href":"https:\/\/porradalupo.rs\/en\/wp-json\/wp\/v2\/product_tag?post=21736"}],"curies":[{"name":"wp","href":"https:\/\/api.w.org\/{rel}","templated":true}]}}