{"id":19249,"date":"2024-04-02T10:23:57","date_gmt":"2024-04-02T08:23:57","guid":{"rendered":"https:\/\/porradalupo.rs\/?post_type=product&#038;p=19249"},"modified":"2026-05-07T15:32:24","modified_gmt":"2026-05-07T13:32:24","slug":"porrada-lupo-possitano-alex-braon-krem","status":"publish","type":"product","link":"https:\/\/porradalupo.rs\/en\/product\/porrada-lupo-possitano-alex-braon-krem\/","title":{"rendered":"Porrada Lupo Possitano Alex Braon Krem"},"content":{"rendered":"<p><img loading=\"lazy\" decoding=\"async\" class=\"size-full wp-image-555555555615165 aligncenter\" src=\"https:\/\/sfonlineshop.rs\/wp-content\/uploads\/2022\/10\/TABELA-KOZA-KOZA-DRUGIM.jpg\" alt=\"\" width=\"900\" height=\"1800\" \/><\/p>\n<hr \/>\n<p><b>Napomena: Porrada Lupo<\/b>\u00a0veli\u010dine navodi orijentaciono, kako biste lak\u0161e i sa sigurno\u0161\u0107u odabrali \u017eeljenu veli\u010dinu. Veli\u010dine su prepisane sa proizvodja\u010dke specifikacije, i postoji mogu\u0107nost odstupanja kod odredjenih modela.<\/p>","protected":false},"excerpt":{"rendered":"<p>\u0160ifra artikla: 456<\/p>\n<p>SP5 MIX NAPPA TABACCO + BEIGE PASOL<\/p>","protected":false},"featured_media":19225,"comment_status":"open","ping_status":"closed","template":"","meta":{"_hpay_column_layout":"","_hpay_name_price":"","_sitemap_exclude":false,"_sitemap_priority":"","_sitemap_frequency":"","_monsterinsights_skip_tracking":false,"_monsterinsights_sitenote_active":false,"_monsterinsights_sitenote_note":"","_monsterinsights_sitenote_category":0},"product_brand":[],"product_cat":[52,57],"product_tag":[],"class_list":{"0":"post-19249","1":"product","2":"type-product","3":"status-publish","4":"has-post-thumbnail","6":"product_cat-muska-obuca","7":"product_cat-plitke-patike","9":"first","10":"instock","11":"sale","12":"taxable","13":"shipping-taxable","14":"purchasable","15":"product-type-variable"},"_links":{"self":[{"href":"https:\/\/porradalupo.rs\/en\/wp-json\/wp\/v2\/product\/19249","targetHints":{"allow":["GET"]}}],"collection":[{"href":"https:\/\/porradalupo.rs\/en\/wp-json\/wp\/v2\/product"}],"about":[{"href":"https:\/\/porradalupo.rs\/en\/wp-json\/wp\/v2\/types\/product"}],"replies":[{"embeddable":true,"href":"https:\/\/porradalupo.rs\/en\/wp-json\/wp\/v2\/comments?post=19249"}],"wp:featuredmedia":[{"embeddable":true,"href":"https:\/\/porradalupo.rs\/en\/wp-json\/wp\/v2\/media\/19225"}],"wp:attachment":[{"href":"https:\/\/porradalupo.rs\/en\/wp-json\/wp\/v2\/media?parent=19249"}],"wp:term":[{"taxonomy":"product_brand","embeddable":true,"href":"https:\/\/porradalupo.rs\/en\/wp-json\/wp\/v2\/product_brand?post=19249"},{"taxonomy":"product_cat","embeddable":true,"href":"https:\/\/porradalupo.rs\/en\/wp-json\/wp\/v2\/product_cat?post=19249"},{"taxonomy":"product_tag","embeddable":true,"href":"https:\/\/porradalupo.rs\/en\/wp-json\/wp\/v2\/product_tag?post=19249"}],"curies":[{"name":"wp","href":"https:\/\/api.w.org\/{rel}","templated":true}]}}