{"id":18905,"date":"2024-02-23T18:31:05","date_gmt":"2024-02-23T16:31:05","guid":{"rendered":"https:\/\/porradalupo.rs\/?post_type=product&#038;p=18905"},"modified":"2026-05-08T00:57:01","modified_gmt":"2026-05-07T22:57:01","slug":"porrada-lupo-ar521-cocco-spine-crno-bele","status":"publish","type":"product","link":"https:\/\/porradalupo.rs\/en\/product\/porrada-lupo-ar521-cocco-spine-crno-bele\/","title":{"rendered":"Porrada Lupo AR521 SPINE Cocco CRNO BELE"},"content":{"rendered":"<p><img loading=\"lazy\" decoding=\"async\" class=\"size-full wp-image-555555555615165 aligncenter\" src=\"https:\/\/sfonlineshop.rs\/wp-content\/uploads\/2022\/10\/TABELA-KOZA-KOZA-DRUGIM.jpg\" alt=\"\" width=\"900\" height=\"1800\" \/><\/p>\n<hr \/>\n<p><b>Napomena: Porrada Lupo<\/b>\u00a0veli\u010dine navodi orijentaciono, kako biste lak\u0161e i sa sigurno\u0161\u0107u odabrali \u017eeljenu veli\u010dinu. Veli\u010dine su prepisane sa proizvodja\u010dke specifikacije, i postoji mogu\u0107nost odstupanja kod odredjenih modela.<\/p>","protected":false},"excerpt":{"rendered":"<p>\u0160ifra: 480<\/p>\n<p>AR521 NERO COCCO GOMMA P.L (BELI \u0110ON)<\/p>","protected":false},"featured_media":18568,"comment_status":"open","ping_status":"closed","template":"","meta":{"_hpay_column_layout":"0","_hpay_name_price":"0","_sitemap_exclude":false,"_sitemap_priority":"","_sitemap_frequency":"","_monsterinsights_skip_tracking":false,"_monsterinsights_sitenote_active":false,"_monsterinsights_sitenote_note":"","_monsterinsights_sitenote_category":0},"product_brand":[],"product_cat":[75,64],"product_tag":[],"class_list":{"0":"post-18905","1":"product","2":"type-product","3":"status-publish","4":"has-post-thumbnail","6":"product_cat-plitke-patike-zenska-obuca","7":"product_cat-zenska-obuca","9":"first","10":"outofstock","11":"taxable","12":"shipping-taxable","13":"product-type-variable"},"_links":{"self":[{"href":"https:\/\/porradalupo.rs\/en\/wp-json\/wp\/v2\/product\/18905","targetHints":{"allow":["GET"]}}],"collection":[{"href":"https:\/\/porradalupo.rs\/en\/wp-json\/wp\/v2\/product"}],"about":[{"href":"https:\/\/porradalupo.rs\/en\/wp-json\/wp\/v2\/types\/product"}],"replies":[{"embeddable":true,"href":"https:\/\/porradalupo.rs\/en\/wp-json\/wp\/v2\/comments?post=18905"}],"wp:featuredmedia":[{"embeddable":true,"href":"https:\/\/porradalupo.rs\/en\/wp-json\/wp\/v2\/media\/18568"}],"wp:attachment":[{"href":"https:\/\/porradalupo.rs\/en\/wp-json\/wp\/v2\/media?parent=18905"}],"wp:term":[{"taxonomy":"product_brand","embeddable":true,"href":"https:\/\/porradalupo.rs\/en\/wp-json\/wp\/v2\/product_brand?post=18905"},{"taxonomy":"product_cat","embeddable":true,"href":"https:\/\/porradalupo.rs\/en\/wp-json\/wp\/v2\/product_cat?post=18905"},{"taxonomy":"product_tag","embeddable":true,"href":"https:\/\/porradalupo.rs\/en\/wp-json\/wp\/v2\/product_tag?post=18905"}],"curies":[{"name":"wp","href":"https:\/\/api.w.org\/{rel}","templated":true}]}}