{"id":5238,"date":"2021-09-07T19:57:44","date_gmt":"2021-09-07T19:57:44","guid":{"rendered":"https:\/\/porradalupo.rs\/?page_id=5238"},"modified":"2026-01-05T10:14:30","modified_gmt":"2026-01-05T08:14:30","slug":"isporuka","status":"publish","type":"page","link":"https:\/\/porradalupo.rs\/en\/isporuka\/","title":{"rendered":"Delivery"},"content":{"rendered":"<section data-section-luminosity=\"dark\" data-bg-image=\"url\" class=\"vc_row vc_custom_1631041982395 liquid-row-shadowbox-69ff0745e652b vc_row-has-fill vc_row-has-bg\"><div class=\"ld-container container\"><div class=\"row ld-row ld-row-outer\"><div class=\"wpb_column vc_column_container vc_col-sm-12 liquid-column-69ff0745e67a6\"><div class=\"vc_column-inner\" ><div class=\"wpb_wrapper\"  ><style>.ld_spacer_69ff0745e67fc{height:32px;}<\/style>\n<div class=\"ld-empty-space ld_spacer_69ff0745e67fc\"><\/div><style>.ld_fancy_heading_69ff0745e68d4 h5{color:rgb(255, 255, 255);}.ld_fancy_heading_69ff0745e68d4 h5 {margin-bottom:0em !important;  } .ld_fancy_heading_69ff0745e68d4 .lqd-highlight-inner{height:0.275em!important;bottom:0px!important;}.ld_fancy_heading_69ff0745e68d4 h5 {margin-bottom:0em !important;  } <\/style><div class=\"ld-fancy-heading ld_fancy_heading_69ff0745e68d4\">\n\t<h5 class=\"ld-fh-element lqd-highlight-underline lqd-highlight-grow-left text-decoration-default\"   >  <span style=\"font-family: 'Poppins',serif;color: #555555\">Poru\u010deni proizvodi putem Interneta bi\u0107e Vam isporu\u010deni posredstvom kurirske slu\u017ebe u roku od 2-3 radna dana od dana kada smo Vam potvrdili porud\u017ebinu.<\/span><\/h5><\/div><style>.ld_spacer_69ff0745e6b12{height:32px;}<\/style>\n<div class=\"ld-empty-space ld_spacer_69ff0745e6b12\"><\/div><\/div><\/div><\/div><\/div><\/div><\/section><section data-section-luminosity=\"dark\" data-bg-image=\"url\" class=\"vc_row vc_custom_1631041982395 liquid-row-shadowbox-69ff0745e6be3 vc_row-has-fill vc_row-has-bg\"><div class=\"ld-container container\"><div class=\"row ld-row ld-row-outer\"><div class=\"wpb_column vc_column_container vc_col-sm-12 liquid-column-69ff0745e6cbb\"><div class=\"vc_column-inner\" ><div class=\"wpb_wrapper\"  ><style>.ld_fancy_heading_69ff0745e6d6f h5{color:rgb(255, 255, 255);}.ld_fancy_heading_69ff0745e6d6f h5 {margin-bottom:0em !important;  } .ld_fancy_heading_69ff0745e6d6f .lqd-highlight-inner{height:0.275em!important;bottom:0px!important;}.ld_fancy_heading_69ff0745e6d6f h5 {margin-bottom:0em !important;  } <\/style><div class=\"ld-fancy-heading ld_fancy_heading_69ff0745e6d6f\">\n\t<h5 class=\"ld-fh-element lqd-highlight-underline lqd-highlight-grow-left text-decoration-default\"   >  <span style=\"font-family: 'Poppins',serif;color: #555555\">Kuriri BEX Express-a (eksterna firma koja vr\u0161i dostavu robe za nas), po\u0161iljke donose na adresu za isporuku u vremenskom periodu od 8 do 17 h radnim danima.Molimo Vas da u tom periodu obezbedite da na adresi bude osoba koja mo\u017ee preuzeti po\u0161iljku. Kurir \u0107e uru\u010denje po\u0161ljke poku\u0161ati u dva navrata. Uobi\u010dajena praksa ukoliko Vas kurir ne prona\u0111e na adresi, je da Vas pozove na telefon koji ste ostavili prilikom kreiranja narud\u017ebenice i ugovori novi termin isporuke. Ukoliko Vas ni u ugovorenom terminu ne prona\u0111e na adresi, po\u0161iljka \u0107e nama biti vra\u0107ena, i u tom slu\u010daju \u0107e se smatrati da ste odustali od porud\u017ebine, te da ste ugovor raskinuli. Svakako \u0107emo Vas kontaktirati kako bi ustanovili razlog neuru\u010denja, te kako bi se dogovorili o eventualnom ponovnom slanju.<br \/>\n<\/span><\/h5><\/div><style>.ld_spacer_69ff0745e6e41{height:32px;}<\/style>\n<div class=\"ld-empty-space ld_spacer_69ff0745e6e41\"><\/div><style>.ld_fancy_heading_69ff0745e6ed8 h5{color:rgb(218, 211, 211);}.ld_fancy_heading_69ff0745e6ed8 h5 {margin-bottom:0em !important;  } .ld_fancy_heading_69ff0745e6ed8 .lqd-highlight-inner{height:0.275em!important;bottom:0px!important;}.ld_fancy_heading_69ff0745e6ed8 h5 {margin-bottom:0em !important;  } <\/style><div class=\"ld-fancy-heading ld_fancy_heading_69ff0745e6ed8\">\n\t<h5 class=\"ld-fh-element lqd-highlight-underline lqd-highlight-grow-left text-decoration-default\"   >  <strong>CENE DOSTAVE:<\/strong><\/p>\n<ul>\n<li><strong>CENA DOSTAVE<\/strong>\u00a0iznosi <strong>380<\/strong>\u00a0RSD.<\/li>\n<\/ul>\n<p><\/h5><\/div><style>.ld_spacer_69ff0745e6fb2{height:32px;}<\/style>\n<div class=\"ld-empty-space ld_spacer_69ff0745e6fb2\"><\/div><\/div><\/div><\/div><\/div><\/div><\/section>","protected":false},"excerpt":{"rendered":"Poru\u010deni proizvodi putem Interneta bi\u0107e Vam isporu\u010deni posredstvom kurirske slu\u017ebe u roku od 2-3 radna dana od dana kada smo Vam potvrdili porud\u017ebinu. Kuriri BEX Express-a (eksterna firma koja vr\u0161i dostavu robe za nas), po\u0161iljke donose na adresu za isporuku u vremenskom periodu od 8 do 17 h radnim danima.Molimo Vas da u tom periodu [...]","protected":false},"author":2,"featured_media":0,"parent":0,"menu_order":0,"comment_status":"closed","ping_status":"closed","template":"","meta":{"_hpay_column_layout":"0","_hpay_name_price":"0","_sitemap_exclude":false,"_sitemap_priority":"","_sitemap_frequency":"","_monsterinsights_skip_tracking":false,"_monsterinsights_sitenote_active":false,"_monsterinsights_sitenote_note":"","_monsterinsights_sitenote_category":0,"footnotes":""},"class_list":["post-5238","page","type-page","status-publish","hentry"],"_links":{"self":[{"href":"https:\/\/porradalupo.rs\/en\/wp-json\/wp\/v2\/pages\/5238","targetHints":{"allow":["GET"]}}],"collection":[{"href":"https:\/\/porradalupo.rs\/en\/wp-json\/wp\/v2\/pages"}],"about":[{"href":"https:\/\/porradalupo.rs\/en\/wp-json\/wp\/v2\/types\/page"}],"author":[{"embeddable":true,"href":"https:\/\/porradalupo.rs\/en\/wp-json\/wp\/v2\/users\/2"}],"replies":[{"embeddable":true,"href":"https:\/\/porradalupo.rs\/en\/wp-json\/wp\/v2\/comments?post=5238"}],"version-history":[{"count":2,"href":"https:\/\/porradalupo.rs\/en\/wp-json\/wp\/v2\/pages\/5238\/revisions"}],"predecessor-version":[{"id":28326,"href":"https:\/\/porradalupo.rs\/en\/wp-json\/wp\/v2\/pages\/5238\/revisions\/28326"}],"wp:attachment":[{"href":"https:\/\/porradalupo.rs\/en\/wp-json\/wp\/v2\/media?parent=5238"}],"curies":[{"name":"wp","href":"https:\/\/api.w.org\/{rel}","templated":true}]}}