{"id":5233,"date":"2021-09-07T19:54:55","date_gmt":"2021-09-07T19:54:55","guid":{"rendered":"https:\/\/porradalupo.rs\/?page_id=5233"},"modified":"2022-01-11T10:11:14","modified_gmt":"2022-01-11T10:11:14","slug":"politika-privatnosti","status":"publish","type":"page","link":"https:\/\/porradalupo.rs\/en\/politika-privatnosti\/","title":{"rendered":"Privacy Policy"},"content":{"rendered":"<section data-section-luminosity=\"dark\" data-bg-image=\"url\" class=\"vc_row vc_custom_1631041982395 liquid-row-shadowbox-6a07eff0074e7 vc_row-has-fill vc_row-has-bg\"><div class=\"ld-container container\"><div class=\"row ld-row ld-row-outer\"><div class=\"wpb_column vc_column_container vc_col-sm-12 liquid-column-6a07eff00776f\"><div class=\"vc_column-inner\" ><div class=\"wpb_wrapper\"  ><style>.ld_spacer_6a07eff0077db{height:32px;}<\/style>\n<div class=\"ld-empty-space ld_spacer_6a07eff0077db\"><\/div><style>.ld_fancy_heading_6a07eff0078b9 h5{color:rgb(255, 255, 255);}.ld_fancy_heading_6a07eff0078b9 h5 {margin-bottom:0em !important;  } .ld_fancy_heading_6a07eff0078b9 .lqd-highlight-inner{height:0.275em!important;bottom:0px!important;}.ld_fancy_heading_6a07eff0078b9 h5 {margin-bottom:0em !important;  } <\/style><div class=\"ld-fancy-heading ld_fancy_heading_6a07eff0078b9\">\n\t<h5 class=\"ld-fh-element lqd-highlight-underline lqd-highlight-grow-left text-decoration-default\"   >  <span style=\"font-family: 'Poppins',serif;color: #555555\">Porrada Lupo \/ ONLINE SHOP S&amp;F svoju obavezu \u010duvanja va\u0161e privatnosti shvata veoma ozbiljno, i svaku va\u0161u informaciju koju ostavite tretira\u0107emo bri\u017eno.<br \/>\nPosetom na\u0161eg sajta i \/ ili registracijom prihvatate i saglasni ste sa praksom opisanom u na\u0161oj Polisi privatnosti.<\/span><span style=\"font-family: 'Poppins',serif;color: #555555\"><br \/>\n<\/span><\/h5><\/div><style>.ld_spacer_6a07eff007b02{height:32px;}<\/style>\n<div class=\"ld-empty-space ld_spacer_6a07eff007b02\"><\/div><style>.ld_fancy_heading_6a07eff007baf h5{color:rgb(255, 255, 255);}.ld_fancy_heading_6a07eff007baf h5 {margin-bottom:0em !important;  } .ld_fancy_heading_6a07eff007baf .lqd-highlight-inner{height:0.275em!important;bottom:0px!important;}.ld_fancy_heading_6a07eff007baf h5 {margin-bottom:0em !important;  } <\/style><div class=\"ld-fancy-heading ld_fancy_heading_6a07eff007baf\">\n\t<h5 class=\"ld-fh-element lqd-highlight-underline lqd-highlight-grow-left text-decoration-default\"   >  <span style=\"font-family: 'Poppins',serif;color: #555555\">Sve informacije se \u010duvaju na sigurnom i u skladu sa internom polisom o bezbednosti mogu biti upotrebljeni za:<\/span><\/p>\n<ul>\n<li><span style=\"font-family: 'Poppins',serif;color: #555555\">Proveru i isporuku narud\u017ebi<\/span><\/li>\n<li><span style=\"font-family: 'Poppins',serif;color: #555555\">Pru\u017eanje podr\u0161ke kupcu<\/span><\/li>\n<li><span style=\"font-family: 'Poppins',serif;color: #555555\">Administracija nagradnih igara<br \/>\n<\/span><\/li>\n<li><span style=\"font-family: 'Poppins',serif;color: #555555\">Vo\u0111enje va\u0161e istorije kupovine<br \/>\n<\/span><\/li>\n<li><span style=\"font-family: 'Poppins',serif;color: #555555\">Obave\u0161tavanje potro\u0161a\u010da putem email-a o predstoje\u0107im akcijama i drugim korisnim informacijama.<br \/>\n<\/span><\/li>\n<\/ul>\n<p><\/h5><\/div><style>.ld_spacer_6a07eff007d5f{height:32px;}<\/style>\n<div class=\"ld-empty-space ld_spacer_6a07eff007d5f\"><\/div><\/div><\/div><\/div><\/div><\/div><\/section><section data-section-luminosity=\"dark\" data-bg-image=\"url\" class=\"vc_row vc_custom_1631041982395 liquid-row-shadowbox-6a07eff007e48 vc_row-has-fill vc_row-has-bg\"><div class=\"ld-container container\"><div class=\"row ld-row ld-row-outer\"><div class=\"wpb_column vc_column_container vc_col-sm-12 liquid-column-6a07eff007f89\"><div class=\"vc_column-inner\" ><div class=\"wpb_wrapper\"  ><style>.ld_spacer_6a07eff007ffb{height:32px;}<\/style>\n<div class=\"ld-empty-space ld_spacer_6a07eff007ffb\"><\/div><\/div><\/div><\/div><\/div><\/div><\/section>","protected":false},"excerpt":{"rendered":"Porrada Lupo \/ ONLINE SHOP S&amp;F svoju obavezu \u010duvanja va\u0161e privatnosti shvata veoma ozbiljno, i svaku va\u0161u informaciju koju ostavite tretira\u0107emo bri\u017eno. Posetom na\u0161eg sajta i \/ ili registracijom prihvatate i saglasni ste sa praksom opisanom u na\u0161oj Polisi privatnosti. Sve informacije se \u010duvaju na sigurnom i u skladu sa internom polisom o bezbednosti mogu [...]","protected":false},"author":2,"featured_media":0,"parent":0,"menu_order":0,"comment_status":"closed","ping_status":"closed","template":"","meta":{"_hpay_column_layout":"0","_hpay_name_price":"0","_sitemap_exclude":false,"_sitemap_priority":"","_sitemap_frequency":"","_monsterinsights_skip_tracking":false,"_monsterinsights_sitenote_active":false,"_monsterinsights_sitenote_note":"","_monsterinsights_sitenote_category":0,"footnotes":""},"class_list":["post-5233","page","type-page","status-publish","hentry"],"_links":{"self":[{"href":"https:\/\/porradalupo.rs\/en\/wp-json\/wp\/v2\/pages\/5233","targetHints":{"allow":["GET"]}}],"collection":[{"href":"https:\/\/porradalupo.rs\/en\/wp-json\/wp\/v2\/pages"}],"about":[{"href":"https:\/\/porradalupo.rs\/en\/wp-json\/wp\/v2\/types\/page"}],"author":[{"embeddable":true,"href":"https:\/\/porradalupo.rs\/en\/wp-json\/wp\/v2\/users\/2"}],"replies":[{"embeddable":true,"href":"https:\/\/porradalupo.rs\/en\/wp-json\/wp\/v2\/comments?post=5233"}],"version-history":[{"count":2,"href":"https:\/\/porradalupo.rs\/en\/wp-json\/wp\/v2\/pages\/5233\/revisions"}],"predecessor-version":[{"id":8790,"href":"https:\/\/porradalupo.rs\/en\/wp-json\/wp\/v2\/pages\/5233\/revisions\/8790"}],"wp:attachment":[{"href":"https:\/\/porradalupo.rs\/en\/wp-json\/wp\/v2\/media?parent=5233"}],"curies":[{"name":"wp","href":"https:\/\/api.w.org\/{rel}","templated":true}]}}